{"id":853,"date":"2023-04-04T11:06:11","date_gmt":"2023-04-04T11:06:11","guid":{"rendered":"https:\/\/retepunticardinali.it\/deskcomunecopertino\/?page_id=853"},"modified":"2023-04-04T12:31:57","modified_gmt":"2023-04-04T12:31:57","slug":"operatori","status":"publish","type":"page","link":"https:\/\/edizione2023.retepunticardinali.it\/deskcomunecopertino\/operatori\/","title":{"rendered":"Operatori"},"content":{"rendered":"\n<style id=\"team_free_dynamic_css851\">#sptp-851 .sptp-list .sptp-row{margin-right:-24px;}#sptp-851 .sptp-member.sptp-list-item{border:0px none #ddd;border-radius:0px;background-color:transparent;margin-left:0;margin-right:24px;margin-bottom:24px;}#sptp-851 .sptp-member.sptp-list-item:hover{border-color:#444;}#sptp-851 .sptp-member-avatar-img{border:0px none ;background-color:#FFFFFF;}#sptp-851 .sptp-member-avatar-img:hover{}#sptp-851 .sptp-section-title{margin-bottom:25px;}#sptp-851 .sptp-section-title span{color:#333333;}#sptp-851 .sptp-member-name .sptp-member-name-title{color:#333333;}#sptp-851 .sptp-member-profession .sptp-jop-title{color:#333333;}#sptp-851 .sptp-member-desc{color:#333333;}#sptp-851 .sptp-member-social{text-align:left;}#sptp-851 .sptp-member-social ul{text-align:left;}#sptp-851 .sptp-member-social li{margin: 0 0 0 0 ;}#sptp-851 .swiper-wrapper.left_img_right_content{margin-left:24px;}#sptp-851 .left_img_right_content .image{width:auto;}#sptp-851 .border-bg-around-member:not(.sptp-content-on-image){border:0px none #ddd;border-radius:0px;background-color:transparent;}#sptp-851 .border-bg-around-member:not(.sptp-content-on-image):hover{border-color:#444;}#sptp-851 .sp-team-item .sptp-member{margin:12px 12px;}<\/style><div id=\"sptp-851\" class=\"sp-team sptp-section sptp-new_page\">\n\t<h2 class=\"sptp-section-title\">\n\t\t\t<span>Elenco Referenti<\/span>\n\t<\/h2>\n\t\t<div class=\"sptp-list left_img_right_content\">\n\t\t\t\t<div class=\"sptp-page-loading-image\"><\/div>\n\t\t\t<div class=\"sptp-row\">\n\t\t\t\t\t\t\t\t\t<div class=\"sptp-col-lg-1 sptp-col-md-1 sptp-col-sm-1 sptp-col-xs-1\">\n\t\t\t\t\t\t<div class=\"sptp-member border-bg-around-member sptp-list-item\">\n\t<div class=\" image\"><a class='sptp-member-avatar' href=\"https:\/\/edizione2023.retepunticardinali.it\/deskcomunecopertino\/team\/valentina-vergaro\/\" target=\"_blank\">\n\t<span class=\"sptp-member-avatar-img sptp-square none\">\n\t\t<img loading=\"lazy\" decoding=\"async\" src=\"https:\/\/edizione2023.retepunticardinali.it\/deskcomunecopertino\/wp-content\/uploads\/sites\/12\/2023\/06\/valentina_vergaro-200x300.jpg\" alt=\"Elenco Referenti\" width=\"200\" height=\"300\">\n\t<\/span>\n<\/a>\n<\/div><div class=\"content sptp-square\"><div class=\"sptp-member-name\">\n\t\t<h2 class='sptp-member-name-title'>Valentina Vergaro<\/h2>\n\t<\/div>\n<div class=\"sptp-member-profession\">\n\t\t\t<h4 class=\"sptp-jop-title\">Referente Desk Copertino<\/h4>\n\t<\/div>\n<div class=\"sptp-member-desc\">\n\t\tLaureata in Scienze della Comunicazione all'Universit\u00e0 del Salento, si \u00e8 specializzata in Comunicazione Sociale, Istituzionale e Politica all'Universit\u00e0 Aldo Moro di Bari. \r\nNell'ambito del progetto Punti Cardinali mette in campo la sua esperienza nell'ambito delle relazioni pubbliche, fornendo linee di orientamento post diploma e consulenza nella ricerca di occupazione nel settore della PA, delle professioni turistiche e nella creazione di nuove start up.<\/div>\n<\/div><\/div><!-- .sptp-member -->\n\t\t\t\t\t<\/div>\n\t\t\t\t\t\t\t\t\t\t<div class=\"sptp-col-lg-1 sptp-col-md-1 sptp-col-sm-1 sptp-col-xs-1\">\n\t\t\t\t\t\t<div class=\"sptp-member border-bg-around-member sptp-list-item\">\n\t<div class=\" image\"><a class='sptp-member-avatar' href=\"https:\/\/edizione2023.retepunticardinali.it\/deskcomunecopertino\/team\/raffaella-coppola\/\" target=\"_blank\">\n\t<span class=\"sptp-member-avatar-img sptp-square none\">\n\t\t<img loading=\"lazy\" decoding=\"async\" src=\"https:\/\/edizione2023.retepunticardinali.it\/deskcomunecopertino\/wp-content\/uploads\/sites\/12\/2023\/06\/raffaella-coppola-224x300.png\" alt=\"Elenco Referenti\" width=\"224\" height=\"300\">\n\t<\/span>\n<\/a>\n<\/div><div class=\"content sptp-square\"><div class=\"sptp-member-name\">\n\t\t<h2 class='sptp-member-name-title'>Raffaella Coppola<\/h2>\n\t<\/div>\n<div class=\"sptp-member-profession\">\n\t\t\t<h4 class=\"sptp-jop-title\">Referente Desk Copertino<\/h4>\n\t<\/div>\n<div class=\"sptp-member-desc\">\n\t\tMi occupo, quotidianamente, di formazione finanziata. In particolare, intercetto, coordino e sviluppo anche come progettista e rendicontatore, sia Avvisi dedicati a tutti coloro che vogliano aumentare le proprie competenze o modificarle attraverso percorsi di formazione dedicati sia Avvisi rivolti a categorie particolarmente svantaggiate al fine del loro reinserimento nella societ\u00e0 sia attraverso la formazione che attraverso progetti di autoimprenditorialit\u00e0.<\/div>\n<\/div><\/div><!-- .sptp-member -->\n\t\t\t\t\t<\/div>\n\t\t\t\t\t\t\t\t<\/div>\n\t\t<\/div>\n\t<\/div>\n\n\n\n\n<div style=\"height:70px\" aria-hidden=\"true\" class=\"wp-block-spacer\"><\/div>\n","protected":false},"excerpt":{"rendered":"","protected":false},"author":1,"featured_media":0,"parent":0,"menu_order":19,"comment_status":"closed","ping_status":"closed","template":"","meta":{"footnotes":""},"acf":[],"_links":{"self":[{"href":"https:\/\/edizione2023.retepunticardinali.it\/deskcomunecopertino\/wp-json\/wp\/v2\/pages\/853"}],"collection":[{"href":"https:\/\/edizione2023.retepunticardinali.it\/deskcomunecopertino\/wp-json\/wp\/v2\/pages"}],"about":[{"href":"https:\/\/edizione2023.retepunticardinali.it\/deskcomunecopertino\/wp-json\/wp\/v2\/types\/page"}],"author":[{"embeddable":true,"href":"https:\/\/edizione2023.retepunticardinali.it\/deskcomunecopertino\/wp-json\/wp\/v2\/users\/1"}],"replies":[{"embeddable":true,"href":"https:\/\/edizione2023.retepunticardinali.it\/deskcomunecopertino\/wp-json\/wp\/v2\/comments?post=853"}],"version-history":[{"count":3,"href":"https:\/\/edizione2023.retepunticardinali.it\/deskcomunecopertino\/wp-json\/wp\/v2\/pages\/853\/revisions"}],"predecessor-version":[{"id":856,"href":"https:\/\/edizione2023.retepunticardinali.it\/deskcomunecopertino\/wp-json\/wp\/v2\/pages\/853\/revisions\/856"}],"wp:attachment":[{"href":"https:\/\/edizione2023.retepunticardinali.it\/deskcomunecopertino\/wp-json\/wp\/v2\/media?parent=853"}],"curies":[{"name":"wp","href":"https:\/\/api.w.org\/{rel}","templated":true}]}}