{"id":853,"date":"2023-04-04T11:06:11","date_gmt":"2023-04-04T11:06:11","guid":{"rendered":"https:\/\/retepunticardinali.it\/deskcomuneandrano\/?page_id=853"},"modified":"2023-04-04T12:31:57","modified_gmt":"2023-04-04T12:31:57","slug":"operatori","status":"publish","type":"page","link":"https:\/\/edizione2023.retepunticardinali.it\/deskcomuneandrano\/operatori\/","title":{"rendered":"Operatori"},"content":{"rendered":"\n<style id=\"team_free_dynamic_css851\">#sptp-851 .sptp-list .sptp-row{margin-right:-24px;}#sptp-851 .sptp-member.sptp-list-item{border:0px none #ddd;border-radius:0px;background-color:transparent;margin-left:0;margin-right:24px;margin-bottom:24px;}#sptp-851 .sptp-member.sptp-list-item:hover{border-color:#444;}#sptp-851 .sptp-member-avatar-img{border:0px none ;background-color:#FFFFFF;}#sptp-851 .sptp-member-avatar-img:hover{}#sptp-851 .sptp-section-title{margin-bottom:25px;}#sptp-851 .sptp-section-title span{color:#333333;}#sptp-851 .sptp-member-name .sptp-member-name-title{color:#333333;}#sptp-851 .sptp-member-profession .sptp-jop-title{color:#333333;}#sptp-851 .sptp-member-desc{color:#333333;}#sptp-851 .sptp-member-social{text-align:left;}#sptp-851 .sptp-member-social ul{text-align:left;}#sptp-851 .sptp-member-social li{margin: 0 0 0 0 ;}#sptp-851 .swiper-wrapper.left_img_right_content{margin-left:24px;}#sptp-851 .left_img_right_content .image{width:auto;}#sptp-851 .border-bg-around-member:not(.sptp-content-on-image){border:0px none #ddd;border-radius:0px;background-color:transparent;}#sptp-851 .border-bg-around-member:not(.sptp-content-on-image):hover{border-color:#444;}#sptp-851 .sp-team-item .sptp-member{margin:12px 12px;}<\/style><div id=\"sptp-851\" class=\"sp-team sptp-section sptp-new_page\">\n\t<h2 class=\"sptp-section-title\">\n\t\t\t<span>Elenco Referenti<\/span>\n\t<\/h2>\n\t\t<div class=\"sptp-list left_img_right_content\">\n\t\t\t\t<div class=\"sptp-page-loading-image\"><\/div>\n\t\t\t<div class=\"sptp-row\">\n\t\t\t\t\t\t\t\t\t<div class=\"sptp-col-lg-1 sptp-col-md-1 sptp-col-sm-1 sptp-col-xs-1\">\n\t\t\t\t\t\t<div class=\"sptp-member border-bg-around-member sptp-list-item\">\n\t<div class=\" image\"><a class='sptp-member-avatar' href=\"https:\/\/edizione2023.retepunticardinali.it\/deskcomuneandrano\/team\/giuseppe-spoti\/\" target=\"_blank\">\n\t<span class=\"sptp-member-avatar-img sptp-square none\">\n\t\t<img loading=\"lazy\" decoding=\"async\" src=\"https:\/\/edizione2023.retepunticardinali.it\/deskcomuneandrano\/wp-content\/uploads\/sites\/18\/2023\/04\/giuseppe_spoti_andrano-300x266.jpg\" alt=\"Elenco Referenti\" width=\"300\" height=\"266\">\n\t<\/span>\n<\/a>\n<\/div><div class=\"content sptp-square\"><div class=\"sptp-member-name\">\n\t\t<h2 class='sptp-member-name-title'>Giuseppe Spoti<\/h2>\n\t<\/div>\n<div class=\"sptp-member-profession\">\n\t\t\t<h4 class=\"sptp-jop-title\">Referente Desk Andrano<\/h4>\n\t<\/div>\n<div class=\"sptp-member-desc\">\n\t\t<\/div>\n<\/div><\/div><!-- .sptp-member -->\n\t\t\t\t\t<\/div>\n\t\t\t\t\t\t\t\t\t\t<div class=\"sptp-col-lg-1 sptp-col-md-1 sptp-col-sm-1 sptp-col-xs-1\">\n\t\t\t\t\t\t<div class=\"sptp-member border-bg-around-member sptp-list-item\">\n\t<div class=\" image\"><a class='sptp-member-avatar' href=\"https:\/\/edizione2023.retepunticardinali.it\/deskcomuneandrano\/team\/mariella-pappacogli\/\" target=\"_blank\">\n\t<span class=\"sptp-member-avatar-img sptp-square none\">\n\t\t<img loading=\"lazy\" decoding=\"async\" src=\"https:\/\/edizione2023.retepunticardinali.it\/deskcomuneandrano\/wp-content\/uploads\/sites\/18\/2023\/06\/mariella_pappaccogli_andrano-293x300.jpg\" alt=\"Elenco Referenti\" width=\"293\" height=\"300\">\n\t<\/span>\n<\/a>\n<\/div><div class=\"content sptp-square\"><div class=\"sptp-member-name\">\n\t\t<h2 class='sptp-member-name-title'>Mariella Pappacogli<\/h2>\n\t<\/div>\n<div class=\"sptp-member-profession\">\n\t\t\t<h4 class=\"sptp-jop-title\">Referente Desk Andrano<\/h4>\n\t<\/div>\n<div class=\"sptp-member-desc\">\n\t\tDa sempre alla ricerca della valorizzazione del capitale umano, allo sviluppo del pensiero creativo laterale, della capacit\u00e0 di trasformare la difficolt\u00e0 in opportunit\u00e0, dopo anni in aziende di grandi dimensioni quali Wind Telecomunicazioni e l'americana SaraLee H&amp;BC, ho indirizzato i miei talenti nella comunicazione, nelle relazioni interpersonali del settore turistico e della formazione.\r\nTrasmetto le mie competenze nello sviluppo di business legati all'ospitalit\u00e0 turistica e piccole realt\u00e0 artigianali dal grande potenziale, creo percorsi formativi individuali nel settore della comunicazione digitale a soggetti imprenditoriali e donne che intendono formarsi per cogliere le opportunit\u00e0 dei nuovi mercati del lavoro.<\/div>\n<\/div><\/div><!-- .sptp-member -->\n\t\t\t\t\t<\/div>\n\t\t\t\t\t\t\t\t<\/div>\n\t\t<\/div>\n\t<\/div>\n\n\n\n\n<div style=\"height:70px\" aria-hidden=\"true\" class=\"wp-block-spacer\"><\/div>\n","protected":false},"excerpt":{"rendered":"","protected":false},"author":1,"featured_media":0,"parent":0,"menu_order":19,"comment_status":"closed","ping_status":"closed","template":"","meta":{"footnotes":""},"acf":[],"_links":{"self":[{"href":"https:\/\/edizione2023.retepunticardinali.it\/deskcomuneandrano\/wp-json\/wp\/v2\/pages\/853"}],"collection":[{"href":"https:\/\/edizione2023.retepunticardinali.it\/deskcomuneandrano\/wp-json\/wp\/v2\/pages"}],"about":[{"href":"https:\/\/edizione2023.retepunticardinali.it\/deskcomuneandrano\/wp-json\/wp\/v2\/types\/page"}],"author":[{"embeddable":true,"href":"https:\/\/edizione2023.retepunticardinali.it\/deskcomuneandrano\/wp-json\/wp\/v2\/users\/1"}],"replies":[{"embeddable":true,"href":"https:\/\/edizione2023.retepunticardinali.it\/deskcomuneandrano\/wp-json\/wp\/v2\/comments?post=853"}],"version-history":[{"count":3,"href":"https:\/\/edizione2023.retepunticardinali.it\/deskcomuneandrano\/wp-json\/wp\/v2\/pages\/853\/revisions"}],"predecessor-version":[{"id":856,"href":"https:\/\/edizione2023.retepunticardinali.it\/deskcomuneandrano\/wp-json\/wp\/v2\/pages\/853\/revisions\/856"}],"wp:attachment":[{"href":"https:\/\/edizione2023.retepunticardinali.it\/deskcomuneandrano\/wp-json\/wp\/v2\/media?parent=853"}],"curies":[{"name":"wp","href":"https:\/\/api.w.org\/{rel}","templated":true}]}}